{"id":70,"date":"2021-07-12T09:49:38","date_gmt":"2021-07-12T06:49:38","guid":{"rendered":"https:\/\/camin-lacu-sarat.ro\/2021\/?page_id=70"},"modified":"2021-07-12T15:17:18","modified_gmt":"2021-07-12T12:17:18","slug":"imagini","status":"publish","type":"page","link":"https:\/\/camin-lacu-sarat.ro\/?page_id=70","title":{"rendered":"Imagini"},"content":{"rendered":"<section class=\"l-section wpb_row height_medium\"><div class=\"l-section-h i-cf\"><div class=\"g-cols via_grid cols_1 laptops-cols_inherit tablets-cols_inherit mobiles-cols_1 valign_top type_default\"><div class=\"wpb_column vc_column_container\"><div class=\"vc_column-inner\"><div id=\"ultimate-heading-109869f359eec92a7\" class=\"uvc-heading ult-adjust-bottom-margin ultimate-heading-109869f359eec92a7 uvc-8294 \" data-hspacer=\"line_with_icon\" data-hline_width=\"auto\" data-hicon_type=\"selector\" data-hborder_style=\"solid\" data-hborder_height=\"1\" data-hborder_color=\"#ccc\" data-icon_width=\"32\" data-hfixer=\"10\"  data-halign=\"left\" style=\"text-align:left\"><div class=\"uvc-main-heading ult-responsive\"  data-ultimate-target='.uvc-heading.ultimate-heading-109869f359eec92a7 h2'  data-responsive-json-new='{\"font-size\":\"\",\"line-height\":\"\"}' ><h2 style=\"font-weight:normal;margin-top:2%;\">Galerie foto<\/h2><\/div><div class=\"uvc-heading-spacer line_with_icon\" style=\"margin-top:2%;margin-bottom:2%;height:32px;\"><div class=\"ult-just-icon-wrapper  \"><div class=\"align-icon\" style=\"text-align:left;\">\n<div class=\"aio-icon none \"  style=\"font-size:32px;\">\n\t<i class=\"Defaults-camera\"><\/i>\n<\/div><\/div><\/div><\/div><div class=\"uvc-sub-heading ult-responsive\"  data-ultimate-target='.uvc-heading.ultimate-heading-109869f359eec92a7 .uvc-sub-heading '  data-responsive-json-new='{\"font-size\":\"\",\"line-height\":\"\"}'  style=\"font-weight:normal;margin-bottom:2%;\"><strong>Despre caminul nostru, in imagini<\/strong><\/div><\/div><div class=\"w-slider style_none fit_cover\"><div class=\"w-slider-h\"><div class=\"royalSlider\"><div class=\"rsContent\"><a class=\"rsImg\" data-rsw=\"800\" data-rsh=\"600\" data-rsBigImg=\"https:\/\/camin-lacu-sarat.ro\/img\/2021\/07\/camin-lac-sarat-001.jpg\" href=\"https:\/\/camin-lacu-sarat.ro\/img\/2021\/07\/camin-lac-sarat-001.jpg\"><span data-alt=\"\"><\/span><\/a><\/div><div class=\"rsContent\"><a class=\"rsImg\" data-rsw=\"800\" data-rsh=\"600\" data-rsBigImg=\"https:\/\/camin-lacu-sarat.ro\/img\/2021\/07\/camin-lac-sarat-002.jpg\" href=\"https:\/\/camin-lacu-sarat.ro\/img\/2021\/07\/camin-lac-sarat-002.jpg\"><span data-alt=\"\"><\/span><\/a><\/div><div class=\"rsContent\"><a class=\"rsImg\" data-rsw=\"800\" data-rsh=\"600\" data-rsBigImg=\"https:\/\/camin-lacu-sarat.ro\/img\/2021\/07\/camin-lac-sarat-003.jpg\" href=\"https:\/\/camin-lacu-sarat.ro\/img\/2021\/07\/camin-lac-sarat-003.jpg\"><span data-alt=\"\"><\/span><\/a><\/div><div class=\"rsContent\"><a class=\"rsImg\" data-rsw=\"800\" data-rsh=\"600\" data-rsBigImg=\"https:\/\/camin-lacu-sarat.ro\/img\/2021\/07\/camin-lac-sarat-004.jpg\" href=\"https:\/\/camin-lacu-sarat.ro\/img\/2021\/07\/camin-lac-sarat-004.jpg\"><span data-alt=\"\"><\/span><\/a><\/div><div class=\"rsContent\"><a class=\"rsImg\" data-rsw=\"800\" data-rsh=\"600\" data-rsBigImg=\"https:\/\/camin-lacu-sarat.ro\/img\/2021\/07\/camin-lac-sarat-005.jpg\" href=\"https:\/\/camin-lacu-sarat.ro\/img\/2021\/07\/camin-lac-sarat-005.jpg\"><span data-alt=\"\"><\/span><\/a><\/div><div class=\"rsContent\"><a class=\"rsImg\" data-rsw=\"800\" data-rsh=\"600\" data-rsBigImg=\"https:\/\/camin-lacu-sarat.ro\/img\/2021\/07\/camin-lac-sarat-006.jpg\" href=\"https:\/\/camin-lacu-sarat.ro\/img\/2021\/07\/camin-lac-sarat-006.jpg\"><span data-alt=\"\"><\/span><\/a><\/div><div class=\"rsContent\"><a class=\"rsImg\" data-rsw=\"800\" data-rsh=\"600\" data-rsBigImg=\"https:\/\/camin-lacu-sarat.ro\/img\/2021\/07\/camin-lac-sarat-007.jpg\" href=\"https:\/\/camin-lacu-sarat.ro\/img\/2021\/07\/camin-lac-sarat-007.jpg\"><span data-alt=\"\"><\/span><\/a><\/div><div class=\"rsContent\"><a class=\"rsImg\" data-rsw=\"800\" data-rsh=\"600\" data-rsBigImg=\"https:\/\/camin-lacu-sarat.ro\/img\/2021\/07\/camin-lac-sarat-008.jpg\" href=\"https:\/\/camin-lacu-sarat.ro\/img\/2021\/07\/camin-lac-sarat-008.jpg\"><span data-alt=\"\"><\/span><\/a><\/div><div class=\"rsContent\"><a class=\"rsImg\" data-rsw=\"800\" data-rsh=\"600\" data-rsBigImg=\"https:\/\/camin-lacu-sarat.ro\/img\/2021\/07\/camin-lac-sarat-009.jpg\" href=\"https:\/\/camin-lacu-sarat.ro\/img\/2021\/07\/camin-lac-sarat-009.jpg\"><span data-alt=\"\"><\/span><\/a><\/div><div class=\"rsContent\"><a class=\"rsImg\" data-rsw=\"800\" data-rsh=\"600\" data-rsBigImg=\"https:\/\/camin-lacu-sarat.ro\/img\/2021\/07\/camin-lac-sarat-010.jpg\" href=\"https:\/\/camin-lacu-sarat.ro\/img\/2021\/07\/camin-lac-sarat-010.jpg\"><span data-alt=\"\"><\/span><\/a><\/div><div class=\"rsContent\"><a class=\"rsImg\" data-rsw=\"800\" data-rsh=\"600\" data-rsBigImg=\"https:\/\/camin-lacu-sarat.ro\/img\/2021\/07\/camin-lac-sarat-011.jpg\" href=\"https:\/\/camin-lacu-sarat.ro\/img\/2021\/07\/camin-lac-sarat-011.jpg\"><span data-alt=\"\"><\/span><\/a><\/div><div class=\"rsContent\"><a class=\"rsImg\" data-rsw=\"800\" data-rsh=\"600\" data-rsBigImg=\"https:\/\/camin-lacu-sarat.ro\/img\/2021\/07\/camin-lac-sarat-012.jpg\" href=\"https:\/\/camin-lacu-sarat.ro\/img\/2021\/07\/camin-lac-sarat-012.jpg\"><span data-alt=\"\"><\/span><\/a><\/div><div class=\"rsContent\"><a class=\"rsImg\" data-rsw=\"800\" data-rsh=\"600\" data-rsBigImg=\"https:\/\/camin-lacu-sarat.ro\/img\/2021\/07\/camin-lac-sarat-016.jpg\" href=\"https:\/\/camin-lacu-sarat.ro\/img\/2021\/07\/camin-lac-sarat-016.jpg\"><span data-alt=\"\"><\/span><\/a><\/div><div class=\"rsContent\"><a class=\"rsImg\" data-rsw=\"800\" data-rsh=\"600\" data-rsBigImg=\"https:\/\/camin-lacu-sarat.ro\/img\/2021\/07\/camin-lac-sarat-017.jpg\" href=\"https:\/\/camin-lacu-sarat.ro\/img\/2021\/07\/camin-lac-sarat-017.jpg\"><span data-alt=\"\"><\/span><\/a><\/div><div class=\"rsContent\"><a class=\"rsImg\" data-rsw=\"800\" data-rsh=\"600\" data-rsBigImg=\"https:\/\/camin-lacu-sarat.ro\/img\/2021\/07\/camin-lac-sarat-018.jpg\" href=\"https:\/\/camin-lacu-sarat.ro\/img\/2021\/07\/camin-lac-sarat-018.jpg\"><span data-alt=\"\"><\/span><\/a><\/div><div class=\"rsContent\"><a class=\"rsImg\" data-rsw=\"800\" data-rsh=\"600\" data-rsBigImg=\"https:\/\/camin-lacu-sarat.ro\/img\/2021\/07\/camin-lac-sarat-019.jpg\" href=\"https:\/\/camin-lacu-sarat.ro\/img\/2021\/07\/camin-lac-sarat-019.jpg\"><span data-alt=\"\"><\/span><\/a><\/div><div class=\"rsContent\"><a class=\"rsImg\" data-rsw=\"800\" data-rsh=\"600\" data-rsBigImg=\"https:\/\/camin-lacu-sarat.ro\/img\/2021\/07\/camin-lac-sarat-020.jpg\" href=\"https:\/\/camin-lacu-sarat.ro\/img\/2021\/07\/camin-lac-sarat-020.jpg\"><span data-alt=\"\"><\/span><\/a><\/div><div class=\"rsContent\"><a class=\"rsImg\" data-rsw=\"800\" data-rsh=\"600\" data-rsBigImg=\"https:\/\/camin-lacu-sarat.ro\/img\/2021\/07\/camin-lac-sarat-021.jpg\" href=\"https:\/\/camin-lacu-sarat.ro\/img\/2021\/07\/camin-lac-sarat-021.jpg\"><span data-alt=\"\"><\/span><\/a><\/div><div class=\"rsContent\"><a class=\"rsImg\" data-rsw=\"800\" data-rsh=\"600\" data-rsBigImg=\"https:\/\/camin-lacu-sarat.ro\/img\/2021\/07\/camin-lac-sarat-022.jpg\" href=\"https:\/\/camin-lacu-sarat.ro\/img\/2021\/07\/camin-lac-sarat-022.jpg\"><span data-alt=\"\"><\/span><\/a><\/div><div class=\"rsContent\"><a class=\"rsImg\" data-rsw=\"800\" data-rsh=\"600\" data-rsBigImg=\"https:\/\/camin-lacu-sarat.ro\/img\/2021\/07\/camin-lac-sarat-023.jpg\" href=\"https:\/\/camin-lacu-sarat.ro\/img\/2021\/07\/camin-lac-sarat-023.jpg\"><span data-alt=\"\"><\/span><\/a><\/div><div class=\"rsContent\"><a class=\"rsImg\" data-rsw=\"800\" data-rsh=\"600\" data-rsBigImg=\"https:\/\/camin-lacu-sarat.ro\/img\/2021\/07\/camin-lac-sarat-024.jpg\" href=\"https:\/\/camin-lacu-sarat.ro\/img\/2021\/07\/camin-lac-sarat-024.jpg\"><span data-alt=\"\"><\/span><\/a><\/div><div class=\"rsContent\"><a class=\"rsImg\" data-rsw=\"800\" data-rsh=\"600\" data-rsBigImg=\"https:\/\/camin-lacu-sarat.ro\/img\/2021\/07\/camin-lac-sarat-025.jpg\" href=\"https:\/\/camin-lacu-sarat.ro\/img\/2021\/07\/camin-lac-sarat-025.jpg\"><span data-alt=\"\"><\/span><\/a><\/div><div class=\"rsContent\"><a class=\"rsImg\" data-rsw=\"800\" data-rsh=\"600\" data-rsBigImg=\"https:\/\/camin-lacu-sarat.ro\/img\/2021\/07\/camin-lac-sarat-026.jpg\" href=\"https:\/\/camin-lacu-sarat.ro\/img\/2021\/07\/camin-lac-sarat-026.jpg\"><span data-alt=\"\"><\/span><\/a><\/div><div class=\"rsContent\"><a class=\"rsImg\" data-rsw=\"800\" data-rsh=\"600\" data-rsBigImg=\"https:\/\/camin-lacu-sarat.ro\/img\/2021\/07\/camin-lac-sarat-027.jpg\" href=\"https:\/\/camin-lacu-sarat.ro\/img\/2021\/07\/camin-lac-sarat-027.jpg\"><span data-alt=\"\"><\/span><\/a><\/div><div class=\"rsContent\"><a class=\"rsImg\" data-rsw=\"800\" data-rsh=\"600\" data-rsBigImg=\"https:\/\/camin-lacu-sarat.ro\/img\/2021\/07\/camin-lac-sarat-028.jpg\" href=\"https:\/\/camin-lacu-sarat.ro\/img\/2021\/07\/camin-lac-sarat-028.jpg\"><span data-alt=\"\"><\/span><\/a><\/div><div class=\"rsContent\"><a class=\"rsImg\" data-rsw=\"800\" data-rsh=\"600\" data-rsBigImg=\"https:\/\/camin-lacu-sarat.ro\/img\/2021\/07\/camin-lac-sarat-029.jpg\" href=\"https:\/\/camin-lacu-sarat.ro\/img\/2021\/07\/camin-lac-sarat-029.jpg\"><span data-alt=\"\"><\/span><\/a><\/div><div class=\"rsContent\"><a class=\"rsImg\" data-rsw=\"800\" data-rsh=\"600\" data-rsBigImg=\"https:\/\/camin-lacu-sarat.ro\/img\/2021\/07\/camin-lac-sarat-030.jpg\" href=\"https:\/\/camin-lacu-sarat.ro\/img\/2021\/07\/camin-lac-sarat-030.jpg\"><span data-alt=\"\"><\/span><\/a><\/div><div class=\"rsContent\"><a class=\"rsImg\" data-rsw=\"800\" data-rsh=\"600\" data-rsBigImg=\"https:\/\/camin-lacu-sarat.ro\/img\/2021\/07\/camin-lac-sarat-031.jpg\" href=\"https:\/\/camin-lacu-sarat.ro\/img\/2021\/07\/camin-lac-sarat-031.jpg\"><span data-alt=\"\"><\/span><\/a><\/div><div class=\"rsContent\"><a class=\"rsImg\" data-rsw=\"800\" data-rsh=\"600\" data-rsBigImg=\"https:\/\/camin-lacu-sarat.ro\/img\/2021\/07\/camin-lac-sarat-032.jpg\" href=\"https:\/\/camin-lacu-sarat.ro\/img\/2021\/07\/camin-lac-sarat-032.jpg\"><span data-alt=\"\"><\/span><\/a><\/div><div class=\"rsContent\"><a class=\"rsImg\" data-rsw=\"800\" data-rsh=\"600\" data-rsBigImg=\"https:\/\/camin-lacu-sarat.ro\/img\/2021\/07\/camin-lac-sarat-033.jpg\" href=\"https:\/\/camin-lacu-sarat.ro\/img\/2021\/07\/camin-lac-sarat-033.jpg\"><span data-alt=\"\"><\/span><\/a><\/div><div class=\"rsContent\"><a class=\"rsImg\" data-rsw=\"800\" data-rsh=\"600\" data-rsBigImg=\"https:\/\/camin-lacu-sarat.ro\/img\/2021\/07\/camin-lac-sarat-034.jpg\" href=\"https:\/\/camin-lacu-sarat.ro\/img\/2021\/07\/camin-lac-sarat-034.jpg\"><span data-alt=\"\"><\/span><\/a><\/div><div class=\"rsContent\"><a class=\"rsImg\" data-rsw=\"800\" data-rsh=\"600\" data-rsBigImg=\"https:\/\/camin-lacu-sarat.ro\/img\/2021\/07\/camin-lac-sarat-035.jpg\" href=\"https:\/\/camin-lacu-sarat.ro\/img\/2021\/07\/camin-lac-sarat-035.jpg\"><span data-alt=\"\"><\/span><\/a><\/div><div class=\"rsContent\"><a class=\"rsImg\" data-rsw=\"800\" data-rsh=\"600\" data-rsBigImg=\"https:\/\/camin-lacu-sarat.ro\/img\/2021\/07\/camin-lac-sarat-036.jpg\" href=\"https:\/\/camin-lacu-sarat.ro\/img\/2021\/07\/camin-lac-sarat-036.jpg\"><span data-alt=\"\"><\/span><\/a><\/div><div class=\"rsContent\"><a class=\"rsImg\" data-rsw=\"1024\" data-rsh=\"768\" data-rsBigImg=\"https:\/\/camin-lacu-sarat.ro\/img\/2021\/07\/camin-lac-sarat-037-x.jpg\" href=\"https:\/\/camin-lacu-sarat.ro\/img\/2021\/07\/camin-lac-sarat-037-x-1024x768.jpg\"><span data-alt=\"\"><\/span><\/a><\/div><div class=\"rsContent\"><a class=\"rsImg\" data-rsw=\"1024\" data-rsh=\"768\" data-rsBigImg=\"https:\/\/camin-lacu-sarat.ro\/img\/2021\/07\/camin-lac-sarat-038-x.jpg\" href=\"https:\/\/camin-lacu-sarat.ro\/img\/2021\/07\/camin-lac-sarat-038-x-1024x768.jpg\"><span data-alt=\"\"><\/span><\/a><\/div><div class=\"rsContent\"><a class=\"rsImg\" data-rsw=\"1024\" data-rsh=\"768\" data-rsBigImg=\"https:\/\/camin-lacu-sarat.ro\/img\/2021\/07\/camin-lac-sarat-039-x.jpg\" href=\"https:\/\/camin-lacu-sarat.ro\/img\/2021\/07\/camin-lac-sarat-039-x-1024x768.jpg\"><span data-alt=\"\"><\/span><\/a><\/div><div class=\"rsContent\"><a class=\"rsImg\" data-rsw=\"1024\" data-rsh=\"768\" data-rsBigImg=\"https:\/\/camin-lacu-sarat.ro\/img\/2021\/07\/camin-lac-sarat-040-x.jpg\" href=\"https:\/\/camin-lacu-sarat.ro\/img\/2021\/07\/camin-lac-sarat-040-x-1024x768.jpg\"><span data-alt=\"\"><\/span><\/a><\/div><\/div><img decoding=\"async\" src=\"https:\/\/camin-lacu-sarat.ro\/img\/2021\/07\/camin-lac-sarat-001.jpg\" width=\"800\" height=\"600\" alt loading=\"lazy\"><\/div><div class=\"w-slider-json\" onclick='return {&quot;loop&quot;:true,&quot;fadeInLoadedSlide&quot;:false,&quot;slidesSpacing&quot;:0,&quot;imageScalePadding&quot;:0,&quot;numImagesToPreload&quot;:2,&quot;arrowsNav&quot;:true,&quot;arrowsNavAutoHide&quot;:false,&quot;transitionType&quot;:&quot;move&quot;,&quot;transitionSpeed&quot;:250,&quot;block&quot;:{&quot;moveEffect&quot;:&quot;none&quot;,&quot;speed&quot;:300},&quot;controlNavigation&quot;:&quot;bullets&quot;,&quot;autoplay&quot;:{&quot;enabled&quot;:true,&quot;pauseOnHover&quot;:true,&quot;delay&quot;:3000},&quot;fullscreen&quot;:{&quot;enabled&quot;:true},&quot;imageScaleMode&quot;:&quot;fill&quot;,&quot;autoScaleSlider&quot;:true,&quot;autoScaleSliderWidth&quot;:800,&quot;autoScaleSliderHeight&quot;:600,&quot;fitInViewport&quot;:false}'><\/div><\/div><\/div><\/div><\/div><\/div><\/section>\n","protected":false},"excerpt":{"rendered":"Galerie foto Despre caminul nostru, in imagini","protected":false},"author":2,"featured_media":0,"parent":0,"menu_order":0,"comment_status":"closed","ping_status":"open","template":"","meta":{"footnotes":""},"class_list":["post-70","page","type-page","status-publish","hentry"],"yoast_head":"<!-- This site is optimized with the Yoast SEO plugin v27.5 - https:\/\/yoast.com\/product\/yoast-seo-wordpress\/ -->\n<title>Imagini - C\u0103minul pentru Persoane V\u00e2rstnice &quot;Lacu-S\u0103rat&quot;<\/title>\n<meta name=\"robots\" content=\"index, follow, max-snippet:-1, max-image-preview:large, max-video-preview:-1\" \/>\n<link rel=\"canonical\" href=\"https:\/\/camin-lacu-sarat.ro\/?page_id=70\" \/>\n<meta property=\"og:locale\" content=\"ro_RO\" \/>\n<meta property=\"og:type\" content=\"article\" \/>\n<meta property=\"og:title\" content=\"Imagini - C\u0103minul pentru Persoane V\u00e2rstnice &quot;Lacu-S\u0103rat&quot;\" \/>\n<meta property=\"og:url\" content=\"https:\/\/camin-lacu-sarat.ro\/?page_id=70\" \/>\n<meta property=\"og:site_name\" content=\"C\u0103minul pentru Persoane V\u00e2rstnice &quot;Lacu-S\u0103rat&quot;\" \/>\n<meta property=\"article:publisher\" content=\"https:\/\/www.facebook.com\/caminlacusarat.chiscani\" \/>\n<meta property=\"article:modified_time\" content=\"2021-07-12T12:17:18+00:00\" \/>\n<meta name=\"twitter:card\" content=\"summary_large_image\" \/>\n<script type=\"application\/ld+json\" class=\"yoast-schema-graph\">{\"@context\":\"https:\\\/\\\/schema.org\",\"@graph\":[{\"@type\":\"WebPage\",\"@id\":\"https:\\\/\\\/camin-lacu-sarat.ro\\\/?page_id=70\",\"url\":\"https:\\\/\\\/camin-lacu-sarat.ro\\\/?page_id=70\",\"name\":\"Imagini - C\u0103minul pentru Persoane V\u00e2rstnice &quot;Lacu-S\u0103rat&quot;\",\"isPartOf\":{\"@id\":\"https:\\\/\\\/camin-lacu-sarat.ro\\\/#website\"},\"datePublished\":\"2021-07-12T06:49:38+00:00\",\"dateModified\":\"2021-07-12T12:17:18+00:00\",\"breadcrumb\":{\"@id\":\"https:\\\/\\\/camin-lacu-sarat.ro\\\/?page_id=70#breadcrumb\"},\"inLanguage\":\"ro-RO\",\"potentialAction\":[{\"@type\":\"ReadAction\",\"target\":[\"https:\\\/\\\/camin-lacu-sarat.ro\\\/?page_id=70\"]}]},{\"@type\":\"BreadcrumbList\",\"@id\":\"https:\\\/\\\/camin-lacu-sarat.ro\\\/?page_id=70#breadcrumb\",\"itemListElement\":[{\"@type\":\"ListItem\",\"position\":1,\"name\":\"Home\",\"item\":\"https:\\\/\\\/camin-lacu-sarat.ro\\\/\"},{\"@type\":\"ListItem\",\"position\":2,\"name\":\"Imagini\"}]},{\"@type\":\"WebSite\",\"@id\":\"https:\\\/\\\/camin-lacu-sarat.ro\\\/#website\",\"url\":\"https:\\\/\\\/camin-lacu-sarat.ro\\\/\",\"name\":\"C\u0103minul pentru Persoane V\u00e2rstnice \\\"Lacu-S\u0103rat\\\"\",\"description\":\"Caminul &quot;Lacu Sarat&quot;\",\"potentialAction\":[{\"@type\":\"SearchAction\",\"target\":{\"@type\":\"EntryPoint\",\"urlTemplate\":\"https:\\\/\\\/camin-lacu-sarat.ro\\\/?s={search_term_string}\"},\"query-input\":{\"@type\":\"PropertyValueSpecification\",\"valueRequired\":true,\"valueName\":\"search_term_string\"}}],\"inLanguage\":\"ro-RO\"}]}<\/script>\n<!-- \/ Yoast SEO plugin. -->","yoast_head_json":{"title":"Imagini - C\u0103minul pentru Persoane V\u00e2rstnice &quot;Lacu-S\u0103rat&quot;","robots":{"index":"index","follow":"follow","max-snippet":"max-snippet:-1","max-image-preview":"max-image-preview:large","max-video-preview":"max-video-preview:-1"},"canonical":"https:\/\/camin-lacu-sarat.ro\/?page_id=70","og_locale":"ro_RO","og_type":"article","og_title":"Imagini - C\u0103minul pentru Persoane V\u00e2rstnice &quot;Lacu-S\u0103rat&quot;","og_url":"https:\/\/camin-lacu-sarat.ro\/?page_id=70","og_site_name":"C\u0103minul pentru Persoane V\u00e2rstnice &quot;Lacu-S\u0103rat&quot;","article_publisher":"https:\/\/www.facebook.com\/caminlacusarat.chiscani","article_modified_time":"2021-07-12T12:17:18+00:00","twitter_card":"summary_large_image","schema":{"@context":"https:\/\/schema.org","@graph":[{"@type":"WebPage","@id":"https:\/\/camin-lacu-sarat.ro\/?page_id=70","url":"https:\/\/camin-lacu-sarat.ro\/?page_id=70","name":"Imagini - C\u0103minul pentru Persoane V\u00e2rstnice &quot;Lacu-S\u0103rat&quot;","isPartOf":{"@id":"https:\/\/camin-lacu-sarat.ro\/#website"},"datePublished":"2021-07-12T06:49:38+00:00","dateModified":"2021-07-12T12:17:18+00:00","breadcrumb":{"@id":"https:\/\/camin-lacu-sarat.ro\/?page_id=70#breadcrumb"},"inLanguage":"ro-RO","potentialAction":[{"@type":"ReadAction","target":["https:\/\/camin-lacu-sarat.ro\/?page_id=70"]}]},{"@type":"BreadcrumbList","@id":"https:\/\/camin-lacu-sarat.ro\/?page_id=70#breadcrumb","itemListElement":[{"@type":"ListItem","position":1,"name":"Home","item":"https:\/\/camin-lacu-sarat.ro\/"},{"@type":"ListItem","position":2,"name":"Imagini"}]},{"@type":"WebSite","@id":"https:\/\/camin-lacu-sarat.ro\/#website","url":"https:\/\/camin-lacu-sarat.ro\/","name":"C\u0103minul pentru Persoane V\u00e2rstnice \"Lacu-S\u0103rat\"","description":"Caminul &quot;Lacu Sarat&quot;","potentialAction":[{"@type":"SearchAction","target":{"@type":"EntryPoint","urlTemplate":"https:\/\/camin-lacu-sarat.ro\/?s={search_term_string}"},"query-input":{"@type":"PropertyValueSpecification","valueRequired":true,"valueName":"search_term_string"}}],"inLanguage":"ro-RO"}]}},"_links":{"self":[{"href":"https:\/\/camin-lacu-sarat.ro\/index.php?rest_route=\/wp\/v2\/pages\/70","targetHints":{"allow":["GET"]}}],"collection":[{"href":"https:\/\/camin-lacu-sarat.ro\/index.php?rest_route=\/wp\/v2\/pages"}],"about":[{"href":"https:\/\/camin-lacu-sarat.ro\/index.php?rest_route=\/wp\/v2\/types\/page"}],"author":[{"embeddable":true,"href":"https:\/\/camin-lacu-sarat.ro\/index.php?rest_route=\/wp\/v2\/users\/2"}],"replies":[{"embeddable":true,"href":"https:\/\/camin-lacu-sarat.ro\/index.php?rest_route=%2Fwp%2Fv2%2Fcomments&post=70"}],"version-history":[{"count":16,"href":"https:\/\/camin-lacu-sarat.ro\/index.php?rest_route=\/wp\/v2\/pages\/70\/revisions"}],"predecessor-version":[{"id":147,"href":"https:\/\/camin-lacu-sarat.ro\/index.php?rest_route=\/wp\/v2\/pages\/70\/revisions\/147"}],"wp:attachment":[{"href":"https:\/\/camin-lacu-sarat.ro\/index.php?rest_route=%2Fwp%2Fv2%2Fmedia&parent=70"}],"curies":[{"name":"wp","href":"https:\/\/api.w.org\/{rel}","templated":true}]}}