{"id":54,"date":"2021-07-09T15:02:50","date_gmt":"2021-07-09T12:02:50","guid":{"rendered":"https:\/\/camin-lacu-sarat.ro\/2021\/?page_id=54"},"modified":"2021-07-09T15:03:44","modified_gmt":"2021-07-09T12:03:44","slug":"personal","status":"publish","type":"page","link":"https:\/\/camin-lacu-sarat.ro\/?page_id=54","title":{"rendered":"Personal"},"content":{"rendered":"<section class=\"l-section wpb_row height_medium\"><div class=\"l-section-h i-cf\"><div class=\"g-cols via_grid cols_1 laptops-cols_inherit tablets-cols_inherit mobiles-cols_1 valign_top type_default\"><div class=\"wpb_column vc_column_container\"><div class=\"vc_column-inner\"><div id=\"ultimate-heading-821969f3578fed91c\" class=\"uvc-heading ult-adjust-bottom-margin ultimate-heading-821969f3578fed91c uvc-5009 \" data-hspacer=\"line_with_icon\" data-hline_width=\"auto\" data-hicon_type=\"selector\" data-hborder_style=\"solid\" data-hborder_height=\"1\" data-hborder_color=\"#ccc\" data-icon_width=\"32\" data-hfixer=\"10\"  data-halign=\"left\" style=\"text-align:left\"><div class=\"uvc-main-heading ult-responsive\"  data-ultimate-target='.uvc-heading.ultimate-heading-821969f3578fed91c h2'  data-responsive-json-new='{\"font-size\":\"\",\"line-height\":\"\"}' ><h2 style=\"font-weight:normal;margin-top:2%;\">Personal<\/h2><\/div><div class=\"uvc-heading-spacer line_with_icon\" style=\"margin-top:2%;margin-bottom:2%;height:32px;\"><div class=\"ult-just-icon-wrapper  \"><div class=\"align-icon\" style=\"text-align:left;\">\n<div class=\"aio-icon none \"  style=\"font-size:32px;\">\n\t<i class=\"Defaults-user\"><\/i>\n<\/div><\/div><\/div><\/div><div class=\"uvc-sub-heading ult-responsive\"  data-ultimate-target='.uvc-heading.ultimate-heading-821969f3578fed91c .uvc-sub-heading '  data-responsive-json-new='{\"font-size\":\"\",\"line-height\":\"\"}'  style=\"font-weight:normal;margin-bottom:2%;\">Caminul dispune de personal calificat, cu experienta serioasa, pentru a reda batranilor si familiilor acestora linistea si ajutorul de care au nevoie.<\/p>\n<ul>\n<li><em>Personal socio-medical &#8211; medic, asistent medical, asistent social, psiholog, infirmier, ingrijitor, spalatoreasa, lenjereasa, maseur;<\/em><\/li>\n<li><em>Personal de intretinere &#8211; liftier, electrician, instalator;<\/em><\/li>\n<li><em>Personal pentru bucatarie &#8211; bucatar, ajutor bucatar.<\/em><\/li>\n<\/ul>\n<p>Colaborare cu medici specialisti in neurologie, psihiatrie, oftalmologie, stomatologie, etc.<\/div><\/div><\/div><\/div><\/div><\/div><\/section>\n","protected":false},"excerpt":{"rendered":"Personal Caminul dispune de personal calificat, cu experienta serioasa, pentru a reda batranilor si familiilor acestora linistea si ajutorul de care au nevoie. Personal socio-medical - medic, asistent medical, asistent social, psiholog, infirmier, ingrijitor, spalatoreasa, lenjereasa, maseur; Personal de intretinere - liftier, electrician, instalator; Personal pentru bucatarie - bucatar, ajutor bucatar. Colaborare cu medici specialisti...","protected":false},"author":2,"featured_media":0,"parent":0,"menu_order":0,"comment_status":"closed","ping_status":"open","template":"","meta":{"footnotes":""},"class_list":["post-54","page","type-page","status-publish","hentry"],"yoast_head":"<!-- This site is optimized with the Yoast SEO plugin v27.5 - https:\/\/yoast.com\/product\/yoast-seo-wordpress\/ -->\n<title>Personal - C\u0103minul pentru Persoane V\u00e2rstnice &quot;Lacu-S\u0103rat&quot;<\/title>\n<meta name=\"robots\" content=\"index, follow, max-snippet:-1, max-image-preview:large, max-video-preview:-1\" \/>\n<link rel=\"canonical\" href=\"https:\/\/camin-lacu-sarat.ro\/?page_id=54\" \/>\n<meta property=\"og:locale\" content=\"ro_RO\" \/>\n<meta property=\"og:type\" content=\"article\" \/>\n<meta property=\"og:title\" content=\"Personal - C\u0103minul pentru Persoane V\u00e2rstnice &quot;Lacu-S\u0103rat&quot;\" \/>\n<meta property=\"og:url\" content=\"https:\/\/camin-lacu-sarat.ro\/?page_id=54\" \/>\n<meta property=\"og:site_name\" content=\"C\u0103minul pentru Persoane V\u00e2rstnice &quot;Lacu-S\u0103rat&quot;\" \/>\n<meta property=\"article:publisher\" content=\"https:\/\/www.facebook.com\/caminlacusarat.chiscani\" \/>\n<meta property=\"article:modified_time\" content=\"2021-07-09T12:03:44+00:00\" \/>\n<meta name=\"twitter:card\" content=\"summary_large_image\" \/>\n<meta name=\"twitter:label1\" content=\"Timp estimat pentru citire\" \/>\n\t<meta name=\"twitter:data1\" content=\"1 minut\" \/>\n<script type=\"application\/ld+json\" class=\"yoast-schema-graph\">{\"@context\":\"https:\\\/\\\/schema.org\",\"@graph\":[{\"@type\":\"WebPage\",\"@id\":\"https:\\\/\\\/camin-lacu-sarat.ro\\\/?page_id=54\",\"url\":\"https:\\\/\\\/camin-lacu-sarat.ro\\\/?page_id=54\",\"name\":\"Personal - C\u0103minul pentru Persoane V\u00e2rstnice &quot;Lacu-S\u0103rat&quot;\",\"isPartOf\":{\"@id\":\"https:\\\/\\\/camin-lacu-sarat.ro\\\/#website\"},\"datePublished\":\"2021-07-09T12:02:50+00:00\",\"dateModified\":\"2021-07-09T12:03:44+00:00\",\"breadcrumb\":{\"@id\":\"https:\\\/\\\/camin-lacu-sarat.ro\\\/?page_id=54#breadcrumb\"},\"inLanguage\":\"ro-RO\",\"potentialAction\":[{\"@type\":\"ReadAction\",\"target\":[\"https:\\\/\\\/camin-lacu-sarat.ro\\\/?page_id=54\"]}]},{\"@type\":\"BreadcrumbList\",\"@id\":\"https:\\\/\\\/camin-lacu-sarat.ro\\\/?page_id=54#breadcrumb\",\"itemListElement\":[{\"@type\":\"ListItem\",\"position\":1,\"name\":\"Home\",\"item\":\"https:\\\/\\\/camin-lacu-sarat.ro\\\/\"},{\"@type\":\"ListItem\",\"position\":2,\"name\":\"Personal\"}]},{\"@type\":\"WebSite\",\"@id\":\"https:\\\/\\\/camin-lacu-sarat.ro\\\/#website\",\"url\":\"https:\\\/\\\/camin-lacu-sarat.ro\\\/\",\"name\":\"C\u0103minul pentru Persoane V\u00e2rstnice \\\"Lacu-S\u0103rat\\\"\",\"description\":\"Caminul &quot;Lacu Sarat&quot;\",\"potentialAction\":[{\"@type\":\"SearchAction\",\"target\":{\"@type\":\"EntryPoint\",\"urlTemplate\":\"https:\\\/\\\/camin-lacu-sarat.ro\\\/?s={search_term_string}\"},\"query-input\":{\"@type\":\"PropertyValueSpecification\",\"valueRequired\":true,\"valueName\":\"search_term_string\"}}],\"inLanguage\":\"ro-RO\"}]}<\/script>\n<!-- \/ Yoast SEO plugin. -->","yoast_head_json":{"title":"Personal - C\u0103minul pentru Persoane V\u00e2rstnice &quot;Lacu-S\u0103rat&quot;","robots":{"index":"index","follow":"follow","max-snippet":"max-snippet:-1","max-image-preview":"max-image-preview:large","max-video-preview":"max-video-preview:-1"},"canonical":"https:\/\/camin-lacu-sarat.ro\/?page_id=54","og_locale":"ro_RO","og_type":"article","og_title":"Personal - C\u0103minul pentru Persoane V\u00e2rstnice &quot;Lacu-S\u0103rat&quot;","og_url":"https:\/\/camin-lacu-sarat.ro\/?page_id=54","og_site_name":"C\u0103minul pentru Persoane V\u00e2rstnice &quot;Lacu-S\u0103rat&quot;","article_publisher":"https:\/\/www.facebook.com\/caminlacusarat.chiscani","article_modified_time":"2021-07-09T12:03:44+00:00","twitter_card":"summary_large_image","twitter_misc":{"Timp estimat pentru citire":"1 minut"},"schema":{"@context":"https:\/\/schema.org","@graph":[{"@type":"WebPage","@id":"https:\/\/camin-lacu-sarat.ro\/?page_id=54","url":"https:\/\/camin-lacu-sarat.ro\/?page_id=54","name":"Personal - C\u0103minul pentru Persoane V\u00e2rstnice &quot;Lacu-S\u0103rat&quot;","isPartOf":{"@id":"https:\/\/camin-lacu-sarat.ro\/#website"},"datePublished":"2021-07-09T12:02:50+00:00","dateModified":"2021-07-09T12:03:44+00:00","breadcrumb":{"@id":"https:\/\/camin-lacu-sarat.ro\/?page_id=54#breadcrumb"},"inLanguage":"ro-RO","potentialAction":[{"@type":"ReadAction","target":["https:\/\/camin-lacu-sarat.ro\/?page_id=54"]}]},{"@type":"BreadcrumbList","@id":"https:\/\/camin-lacu-sarat.ro\/?page_id=54#breadcrumb","itemListElement":[{"@type":"ListItem","position":1,"name":"Home","item":"https:\/\/camin-lacu-sarat.ro\/"},{"@type":"ListItem","position":2,"name":"Personal"}]},{"@type":"WebSite","@id":"https:\/\/camin-lacu-sarat.ro\/#website","url":"https:\/\/camin-lacu-sarat.ro\/","name":"C\u0103minul pentru Persoane V\u00e2rstnice \"Lacu-S\u0103rat\"","description":"Caminul &quot;Lacu Sarat&quot;","potentialAction":[{"@type":"SearchAction","target":{"@type":"EntryPoint","urlTemplate":"https:\/\/camin-lacu-sarat.ro\/?s={search_term_string}"},"query-input":{"@type":"PropertyValueSpecification","valueRequired":true,"valueName":"search_term_string"}}],"inLanguage":"ro-RO"}]}},"_links":{"self":[{"href":"https:\/\/camin-lacu-sarat.ro\/index.php?rest_route=\/wp\/v2\/pages\/54","targetHints":{"allow":["GET"]}}],"collection":[{"href":"https:\/\/camin-lacu-sarat.ro\/index.php?rest_route=\/wp\/v2\/pages"}],"about":[{"href":"https:\/\/camin-lacu-sarat.ro\/index.php?rest_route=\/wp\/v2\/types\/page"}],"author":[{"embeddable":true,"href":"https:\/\/camin-lacu-sarat.ro\/index.php?rest_route=\/wp\/v2\/users\/2"}],"replies":[{"embeddable":true,"href":"https:\/\/camin-lacu-sarat.ro\/index.php?rest_route=%2Fwp%2Fv2%2Fcomments&post=54"}],"version-history":[{"count":2,"href":"https:\/\/camin-lacu-sarat.ro\/index.php?rest_route=\/wp\/v2\/pages\/54\/revisions"}],"predecessor-version":[{"id":57,"href":"https:\/\/camin-lacu-sarat.ro\/index.php?rest_route=\/wp\/v2\/pages\/54\/revisions\/57"}],"wp:attachment":[{"href":"https:\/\/camin-lacu-sarat.ro\/index.php?rest_route=%2Fwp%2Fv2%2Fmedia&parent=54"}],"curies":[{"name":"wp","href":"https:\/\/api.w.org\/{rel}","templated":true}]}}